{"id":60323,"date":"2023-06-21T10:18:00","date_gmt":"2023-06-21T16:18:00","guid":{"rendered":"https:\/\/recreadigital.jalisco.gob.mx\/familia\/?page_id=60323"},"modified":"2023-06-21T12:08:29","modified_gmt":"2023-06-21T18:08:29","slug":"evento-2023","status":"publish","type":"page","link":"https:\/\/apprendedigital.jalisco.gob.mx\/familia\/?page_id=60323","title":{"rendered":"Evento 2023"},"content":{"rendered":"<p>[et_pb_section fb_built=&#8221;1&#8243; disabled_on=&#8221;off|off|off&#8221; _builder_version=&#8221;4.9.3&#8243; _module_preset=&#8221;default&#8221; custom_margin=&#8221;0px||0px||false|false&#8221; custom_padding=&#8221;0px||0px||false|false&#8221; da_disable_devices=&#8221;off|off|off&#8221; da_is_popup=&#8221;off&#8221; da_exit_intent=&#8221;off&#8221; da_has_close=&#8221;on&#8221; da_alt_close=&#8221;off&#8221; da_dark_close=&#8221;off&#8221; da_not_modal=&#8221;on&#8221; da_is_singular=&#8221;off&#8221; da_with_loader=&#8221;off&#8221; da_has_shadow=&#8221;on&#8221;][et_pb_row _builder_version=&#8221;4.7.4&#8243; _module_preset=&#8221;default&#8221; custom_margin=&#8221;||0px||false|false&#8221; custom_padding=&#8221;||0px||false|false&#8221;][et_pb_column type=&#8221;4_4&#8243; _builder_version=&#8221;4.7.4&#8243; _module_preset=&#8221;default&#8221;][et_pb_text _builder_version=&#8221;4.9.3&#8243; _module_preset=&#8221;default&#8221; hover_enabled=&#8221;0&#8243; sticky_enabled=&#8221;0&#8243;]<\/p>\n<h1 style=\"text-align: center;\">Evento 2023<\/h1>\n<table border=\"1\" style=\"border-collapse: collapse; width: 100%; height: 168px; margin-left: auto; margin-right: auto;\">\n<tbody>\n<tr style=\"height: 24px;\">\n<td style=\"width: 25%; height: 24px; text-align: center;\"><strong>EDICI\u00d3N<\/strong><\/td>\n<td style=\"width: 25%; height: 24px; text-align: center;\"><strong>SEMANA<\/strong><\/td>\n<td style=\"width: 25%; height: 24px; text-align: center;\"><strong>REGI\u00d3N<\/strong><\/td>\n<td style=\"width: 45.4583%; height: 24px; text-align: center;\"><strong>CIUDAD<\/strong><\/td>\n<td style=\"width: 1.63666%; text-align: center;\"><strong>REGISTRO<\/strong><\/td>\n<\/tr>\n<tr style=\"height: 96px;\">\n<td style=\"width: 25%; height: 96px; text-align: center;\">1<\/td>\n<td style=\"width: 25%; height: 96px; text-align: center;\">2da semana de junio (d\u00eda 21)<\/td>\n<td style=\"width: 25%; height: 96px; text-align: center;\">Altos Norte<\/td>\n<td style=\"width: 45.4583%; height: 96px; text-align: center;\">Lagos de Moreno<\/td>\n<td style=\"width: 1.63666%;\"><a href=\"https:\/\/forms.gle\/uRjjaN7324obPLAe9\" target=\"_blank\" rel=\"noopener\">https:\/\/forms.gle\/uRjjaN7324obPLAe9<\/a><\/td>\n<\/tr>\n<tr style=\"height: 24px;\">\n<td style=\"width: 25%; height: 24px; text-align: center;\">2<\/td>\n<td style=\"width: 25%; height: 24px; text-align: center;\">2da semana de junio (d\u00eda 22)<\/td>\n<td style=\"width: 25%; height: 24px; text-align: center;\">Altos Sur<\/td>\n<td style=\"width: 45.4583%; height: 24px; text-align: center;\">Tepatitl\u00e1n de Morelos<\/td>\n<td style=\"width: 1.63666%;\"><a href=\"https:\/\/forms.gle\/VK2y5gmYNkNecNPY9\" target=\"_blank\" rel=\"noopener\">https:\/\/forms.gle\/VK2y5gmYNkNecNPY9<\/a><\/td>\n<\/tr>\n<tr style=\"height: 24px;\">\n<td style=\"width: 25%; height: 24px; text-align: center;\">3<\/td>\n<td style=\"width: 25%; height: 24px; text-align: center;\">2da semana de junio (d\u00eda 26)<\/td>\n<td style=\"width: 25%; height: 24px; text-align: center;\">Sur<\/td>\n<td style=\"width: 45.4583%; height: 24px; text-align: center;\">Zapotl\u00e1n el Grande<\/td>\n<td style=\"width: 1.63666%;\"><a href=\"https:\/\/forms.gle\/ZFTgHuhog2ts29EB6\" target=\"_blank\" rel=\"noopener\">https:\/\/forms.gle\/ZFTgHuhog2ts29EB6<\/a><\/td>\n<\/tr>\n<\/tbody>\n<\/table>\n<p style=\"text-align: center;\">[\/et_pb_text][\/et_pb_column][\/et_pb_row][\/et_pb_section][et_pb_section fb_built=&#8221;1&#8243; disabled_on=&#8221;on|on|on&#8221; _builder_version=&#8221;4.9.3&#8243; _module_preset=&#8221;default&#8221; da_disable_devices=&#8221;off|off|off&#8221; disabled=&#8221;on&#8221; da_is_popup=&#8221;off&#8221; da_exit_intent=&#8221;off&#8221; da_has_close=&#8221;on&#8221; da_alt_close=&#8221;off&#8221; da_dark_close=&#8221;off&#8221; da_not_modal=&#8221;on&#8221; da_is_singular=&#8221;off&#8221; da_with_loader=&#8221;off&#8221; da_has_shadow=&#8221;on&#8221;][\/et_pb_section]<\/p>\n","protected":false},"excerpt":{"rendered":"<p>[et_pb_section fb_built=&#8221;1&#8243; disabled_on=&#8221;off|off|off&#8221; _builder_version=&#8221;4.9.3&#8243; _module_preset=&#8221;default&#8221; custom_margin=&#8221;0px||0px||false|false&#8221; custom_padding=&#8221;0px||0px||false|false&#8221; da_disable_devices=&#8221;off|off|off&#8221; da_is_popup=&#8221;off&#8221; da_exit_intent=&#8221;off&#8221; da_has_close=&#8221;on&#8221; da_alt_close=&#8221;off&#8221; da_dark_close=&#8221;off&#8221; da_not_modal=&#8221;on&#8221; da_is_singular=&#8221;off&#8221; da_with_loader=&#8221;off&#8221; da_has_shadow=&#8221;on&#8221;][et_pb_row _builder_version=&#8221;4.7.4&#8243; _module_preset=&#8221;default&#8221; custom_margin=&#8221;||0px||false|false&#8221; custom_padding=&#8221;||0px||false|false&#8221;][et_pb_column type=&#8221;4_4&#8243; _builder_version=&#8221;4.7.4&#8243; _module_preset=&#8221;default&#8221;][et_pb_text _builder_version=&#8221;4.9.3&#8243; _module_preset=&#8221;default&#8221; hover_enabled=&#8221;0&#8243; sticky_enabled=&#8221;0&#8243;] Evento 2023 EDICI\u00d3N SEMANA REGI\u00d3N CIUDAD REGISTRO 1 2da semana de junio (d\u00eda 21) Altos Norte Lagos de Moreno https:\/\/forms.gle\/uRjjaN7324obPLAe9 2 2da semana de junio (d\u00eda 22) [&hellip;]<\/p>\n","protected":false},"author":6,"featured_media":0,"parent":0,"menu_order":0,"comment_status":"closed","ping_status":"closed","template":"","meta":{"_et_pb_use_builder":"on","_et_pb_old_content":"","_et_gb_content_width":""},"yoast_head":"<!-- This site is optimized with the Yoast SEO plugin v16.1.1 - https:\/\/yoast.com\/wordpress\/plugins\/seo\/ -->\n<title>Evento 2023 | Aprende en Familia<\/title>\n<meta name=\"description\" content=\"Aqu\u00ed podr\u00e1s descargar tu constancia virtual de asistencia a la edici\u00f3n Recrea Familia 2021.\" \/>\n<link rel=\"canonical\" href=\"https:\/\/apprendedigital.jalisco.gob.mx\/familia\/?page_id=60323\" \/>\n<meta property=\"og:locale\" content=\"es_MX\" \/>\n<meta property=\"og:type\" content=\"article\" \/>\n<meta property=\"og:title\" content=\"Evento 2023 | Aprende en Familia\" \/>\n<meta property=\"og:description\" content=\"Aqu\u00ed podr\u00e1s descargar tu constancia virtual de asistencia a la edici\u00f3n Recrea Familia 2021.\" \/>\n<meta property=\"og:url\" content=\"https:\/\/apprendedigital.jalisco.gob.mx\/familia\/?page_id=60323\" \/>\n<meta property=\"og:site_name\" content=\"Aprende en Familia\" \/>\n<meta property=\"article:publisher\" content=\"https:\/\/www.facebook.com\/educacion.jalisco\/\" \/>\n<meta property=\"article:modified_time\" content=\"2023-06-21T18:08:29+00:00\" \/>\n<meta property=\"og:image\" content=\"https:\/\/apprendedigital.jalisco.gob.mx\/familia\/wp-content\/uploads\/2021\/10\/recrea-familia-2021-banner-rs-002.jpg\" \/>\n\t<meta property=\"og:image:width\" content=\"1280\" \/>\n\t<meta property=\"og:image:height\" content=\"720\" \/>\n<meta name=\"twitter:card\" content=\"summary_large_image\" \/>\n<meta name=\"twitter:site\" content=\"@SecEducacionJal\" \/>\n<meta name=\"twitter:label1\" content=\"Tiempo de lectura\">\n\t<meta name=\"twitter:data1\" content=\"2 minutos\">\n<script type=\"application\/ld+json\" class=\"yoast-schema-graph\">{\"@context\":\"https:\/\/schema.org\",\"@graph\":[{\"@type\":\"Organization\",\"@id\":\"https:\/\/apprendedigital.jalisco.gob.mx\/familia\/#organization\",\"name\":\"Secretaria de Educaci\\u00f3n de Jalisco\",\"url\":\"https:\/\/apprendedigital.jalisco.gob.mx\/familia\/\",\"sameAs\":[\"https:\/\/www.facebook.com\/educacion.jalisco\/\",\"https:\/\/twitter.com\/SecEducacionJal\"],\"logo\":{\"@type\":\"ImageObject\",\"@id\":\"https:\/\/apprendedigital.jalisco.gob.mx\/familia\/#logo\",\"inLanguage\":\"es-MX\",\"url\":\"https:\/\/recreadigital.jalisco.gob.mx\/familia\/wp-content\/uploads\/2020\/11\/recrea-familia-logo-jalisco-educacion.png\",\"contentUrl\":\"https:\/\/recreadigital.jalisco.gob.mx\/familia\/wp-content\/uploads\/2020\/11\/recrea-familia-logo-jalisco-educacion.png\",\"width\":400,\"height\":400,\"caption\":\"Secretaria de Educaci\\u00f3n de Jalisco\"},\"image\":{\"@id\":\"https:\/\/apprendedigital.jalisco.gob.mx\/familia\/#logo\"}},{\"@type\":\"WebSite\",\"@id\":\"https:\/\/apprendedigital.jalisco.gob.mx\/familia\/#website\",\"url\":\"https:\/\/apprendedigital.jalisco.gob.mx\/familia\/\",\"name\":\"Recrea Familia\",\"description\":\"Los desaf\\u00edos en la educaci\\u00f3n post-covid\",\"publisher\":{\"@id\":\"https:\/\/apprendedigital.jalisco.gob.mx\/familia\/#organization\"},\"potentialAction\":[{\"@type\":\"SearchAction\",\"target\":\"https:\/\/apprendedigital.jalisco.gob.mx\/familia\/?s={search_term_string}\",\"query-input\":\"required name=search_term_string\"}],\"inLanguage\":\"es-MX\"},{\"@type\":\"WebPage\",\"@id\":\"https:\/\/apprendedigital.jalisco.gob.mx\/familia\/?page_id=60323#webpage\",\"url\":\"https:\/\/apprendedigital.jalisco.gob.mx\/familia\/?page_id=60323\",\"name\":\"Evento 2023 | Aprende en Familia\",\"isPartOf\":{\"@id\":\"https:\/\/apprendedigital.jalisco.gob.mx\/familia\/#website\"},\"datePublished\":\"2023-06-21T16:18:00+00:00\",\"dateModified\":\"2023-06-21T18:08:29+00:00\",\"description\":\"Aqu\\u00ed podr\\u00e1s descargar tu constancia virtual de asistencia a la edici\\u00f3n Recrea Familia 2021.\",\"breadcrumb\":{\"@id\":\"https:\/\/apprendedigital.jalisco.gob.mx\/familia\/?page_id=60323#breadcrumb\"},\"inLanguage\":\"es-MX\",\"potentialAction\":[{\"@type\":\"ReadAction\",\"target\":[\"https:\/\/apprendedigital.jalisco.gob.mx\/familia\/?page_id=60323\"]}]},{\"@type\":\"BreadcrumbList\",\"@id\":\"https:\/\/apprendedigital.jalisco.gob.mx\/familia\/?page_id=60323#breadcrumb\",\"itemListElement\":[{\"@type\":\"ListItem\",\"position\":1,\"item\":{\"@type\":\"WebPage\",\"@id\":\"https:\/\/apprendedigital.jalisco.gob.mx\/familia\/\",\"url\":\"https:\/\/apprendedigital.jalisco.gob.mx\/familia\/\",\"name\":\"Inicio\"}},{\"@type\":\"ListItem\",\"position\":2,\"item\":{\"@type\":\"WebPage\",\"@id\":\"https:\/\/apprendedigital.jalisco.gob.mx\/familia\/?page_id=60323\",\"url\":\"https:\/\/apprendedigital.jalisco.gob.mx\/familia\/?page_id=60323\",\"name\":\"Evento 2023\"}}]}]}<\/script>\n<!-- \/ Yoast SEO plugin. -->","_links":{"self":[{"href":"https:\/\/apprendedigital.jalisco.gob.mx\/familia\/index.php?rest_route=\/wp\/v2\/pages\/60323"}],"collection":[{"href":"https:\/\/apprendedigital.jalisco.gob.mx\/familia\/index.php?rest_route=\/wp\/v2\/pages"}],"about":[{"href":"https:\/\/apprendedigital.jalisco.gob.mx\/familia\/index.php?rest_route=\/wp\/v2\/types\/page"}],"author":[{"embeddable":true,"href":"https:\/\/apprendedigital.jalisco.gob.mx\/familia\/index.php?rest_route=\/wp\/v2\/users\/6"}],"replies":[{"embeddable":true,"href":"https:\/\/apprendedigital.jalisco.gob.mx\/familia\/index.php?rest_route=%2Fwp%2Fv2%2Fcomments&post=60323"}],"version-history":[{"count":6,"href":"https:\/\/apprendedigital.jalisco.gob.mx\/familia\/index.php?rest_route=\/wp\/v2\/pages\/60323\/revisions"}],"predecessor-version":[{"id":60331,"href":"https:\/\/apprendedigital.jalisco.gob.mx\/familia\/index.php?rest_route=\/wp\/v2\/pages\/60323\/revisions\/60331"}],"wp:attachment":[{"href":"https:\/\/apprendedigital.jalisco.gob.mx\/familia\/index.php?rest_route=%2Fwp%2Fv2%2Fmedia&parent=60323"}],"curies":[{"name":"wp","href":"https:\/\/api.w.org\/{rel}","templated":true}]}}