{"id":60042,"date":"2021-11-20T16:36:05","date_gmt":"2021-11-20T22:36:05","guid":{"rendered":"https:\/\/recreadigital.jalisco.gob.mx\/familia\/?page_id=60042"},"modified":"2021-11-25T12:53:09","modified_gmt":"2021-11-25T18:53:09","slug":"constancia","status":"publish","type":"page","link":"https:\/\/apprendedigital.jalisco.gob.mx\/familia\/?page_id=60042","title":{"rendered":"Constancia"},"content":{"rendered":"<p>[et_pb_section fb_built=&#8221;1&#8243; _builder_version=&#8221;4.9.3&#8243; _module_preset=&#8221;default&#8221; hover_enabled=&#8221;0&#8243; da_disable_devices=&#8221;off|off|off&#8221; collapsed=&#8221;on&#8221; disabled_on=&#8221;on|on|on&#8221; disabled=&#8221;on&#8221; sticky_enabled=&#8221;0&#8243; da_is_popup=&#8221;off&#8221; da_exit_intent=&#8221;off&#8221; da_has_close=&#8221;on&#8221; da_alt_close=&#8221;off&#8221; da_dark_close=&#8221;off&#8221; da_not_modal=&#8221;on&#8221; da_is_singular=&#8221;off&#8221; da_with_loader=&#8221;off&#8221; da_has_shadow=&#8221;on&#8221;][et_pb_row _builder_version=&#8221;4.9.3&#8243; _module_preset=&#8221;default&#8221; background_color=&#8221;#E7004C&#8221; border_radii=&#8221;on|5px|5px|5px|5px&#8221;][et_pb_column type=&#8221;4_4&#8243; _builder_version=&#8221;4.9.3&#8243; _module_preset=&#8221;default&#8221;][et_pb_blurb use_icon=&#8221;on&#8221; font_icon=&#8221;%%217%%&#8221; icon_color=&#8221;#ffffff&#8221; _builder_version=&#8221;4.9.3&#8243; _module_preset=&#8221;default&#8221; custom_margin=&#8221;||0px||false|false&#8221; custom_padding=&#8221;||0px||false|false&#8221;][\/et_pb_blurb][et_pb_text _builder_version=&#8221;4.9.3&#8243; _module_preset=&#8221;default&#8221; text_orientation=&#8221;center&#8221; background_layout=&#8221;dark&#8221;]<\/p>\n<h3>En los pr\u00f3ximos d\u00edas podr\u00e1s descargar tu constancia con el No. de pedido generado con tu registro (presencial o en l\u00ednea).<\/h3>\n<p>[\/et_pb_text][et_pb_image src=&#8221;https:\/\/recreadigital.jalisco.gob.mx\/familia\/wp-content\/uploads\/2021\/11\/recrea-familia-2021-constancia-ejemplo-id-registro-001.jpg&#8221; show_in_lightbox=&#8221;on&#8221; use_overlay=&#8221;on&#8221; hover_icon=&#8221;%%51%%&#8221; align=&#8221;center&#8221; _builder_version=&#8221;4.9.3&#8243; _module_preset=&#8221;default&#8221; animation_style=&#8221;slide&#8221; animation_direction=&#8221;bottom&#8221; border_radii=&#8221;on|5px|5px|5px|5px&#8221; border_width_all=&#8221;2px&#8221; border_color_all=&#8221;#1D1D1B&#8221;][\/et_pb_image][\/et_pb_column][\/et_pb_row][\/et_pb_section][et_pb_section fb_built=&#8221;1&#8243; disabled_on=&#8221;off|off|off&#8221; _builder_version=&#8221;4.9.3&#8243; _module_preset=&#8221;default&#8221; background_color=&#8221;#f9f9f9&#8243; hover_enabled=&#8221;0&#8243; da_disable_devices=&#8221;off|off|off&#8221; collapsed=&#8221;on&#8221; locked=&#8221;off&#8221; custom_padding=&#8221;0px||0px||false|false&#8221; custom_margin=&#8221;0px||0px||false|false&#8221; sticky_enabled=&#8221;0&#8243; da_is_popup=&#8221;off&#8221; da_exit_intent=&#8221;off&#8221; da_has_close=&#8221;on&#8221; da_alt_close=&#8221;off&#8221; da_dark_close=&#8221;off&#8221; da_not_modal=&#8221;on&#8221; da_is_singular=&#8221;off&#8221; da_with_loader=&#8221;off&#8221; da_has_shadow=&#8221;on&#8221;][et_pb_row _builder_version=&#8221;4.7.4&#8243; _module_preset=&#8221;default&#8221;][et_pb_column type=&#8221;4_4&#8243; _builder_version=&#8221;4.7.4&#8243; _module_preset=&#8221;default&#8221;][et_pb_text _builder_version=&#8221;4.9.3&#8243; _module_preset=&#8221;default&#8221; text_font_size=&#8221;18px&#8221; text_orientation=&#8221;center&#8221;]Ay\u00fadanos a llenar los siguientes campos para finalizar con la entrega de tu constancia.[\/et_pb_text][\/et_pb_column][\/et_pb_row][\/et_pb_section][et_pb_section fb_built=&#8221;1&#8243; disabled_on=&#8221;off|off|off&#8221; _builder_version=&#8221;4.9.3&#8243; _module_preset=&#8221;default&#8221; custom_margin=&#8221;0px||0px||false|false&#8221; custom_padding=&#8221;0px||0px||false|false&#8221; da_disable_devices=&#8221;off|off|off&#8221; collapsed=&#8221;on&#8221; locked=&#8221;off&#8221; da_is_popup=&#8221;off&#8221; da_exit_intent=&#8221;off&#8221; da_has_close=&#8221;on&#8221; da_alt_close=&#8221;off&#8221; da_dark_close=&#8221;off&#8221; da_not_modal=&#8221;on&#8221; da_is_singular=&#8221;off&#8221; da_with_loader=&#8221;off&#8221; da_has_shadow=&#8221;on&#8221;][et_pb_row _builder_version=&#8221;4.7.4&#8243; _module_preset=&#8221;default&#8221; custom_margin=&#8221;||0px||false|false&#8221; custom_padding=&#8221;||0px||false|false&#8221;][et_pb_column type=&#8221;4_4&#8243; _builder_version=&#8221;4.7.4&#8243; _module_preset=&#8221;default&#8221;][et_pb_blurb use_icon=&#8221;on&#8221; font_icon=&#8221;%%216%%&#8221; icon_placement=&#8221;left&#8221; _builder_version=&#8221;4.7.4&#8243; _module_preset=&#8221;default&#8221;]El n\u00famero de pedido lo puedes encontrar en el correo de confirmaci\u00f3n que te lleg\u00f3 cuando te registraste.[\/et_pb_blurb][et_pb_image src=&#8221;https:\/\/recreadigital.jalisco.gob.mx\/familia\/wp-content\/uploads\/2021\/11\/recrea-familia-2021-constancia-ejemplo-id-registro-001.jpg&#8221; title_text=&#8221;recrea-familia-2021-constancia-ejemplo-id-registro-001&#8243; show_in_lightbox=&#8221;on&#8221; align=&#8221;center&#8221; _builder_version=&#8221;4.9.3&#8243; _module_preset=&#8221;default&#8221; width=&#8221;500px&#8221; width_tablet=&#8221;90%&#8221; width_phone=&#8221;&#8221; width_last_edited=&#8221;on|tablet&#8221; module_alignment=&#8221;center&#8221;][\/et_pb_image][\/et_pb_column][\/et_pb_row][\/et_pb_section][et_pb_section fb_built=&#8221;1&#8243; disabled_on=&#8221;off|off|off&#8221; _builder_version=&#8221;4.9.3&#8243; _module_preset=&#8221;default&#8221; hover_enabled=&#8221;0&#8243; da_disable_devices=&#8221;off|off|off&#8221; collapsed=&#8221;on&#8221; locked=&#8221;off&#8221; custom_padding=&#8221;0px||0px||false|false&#8221; custom_margin=&#8221;0px||0px||false|false&#8221; sticky_enabled=&#8221;0&#8243; da_is_popup=&#8221;off&#8221; da_exit_intent=&#8221;off&#8221; da_has_close=&#8221;on&#8221; da_alt_close=&#8221;off&#8221; da_dark_close=&#8221;off&#8221; da_not_modal=&#8221;on&#8221; da_is_singular=&#8221;off&#8221; da_with_loader=&#8221;off&#8221; da_has_shadow=&#8221;on&#8221;][et_pb_row _builder_version=&#8221;4.9.3&#8243; _module_preset=&#8221;default&#8221; hover_enabled=&#8221;0&#8243; custom_margin=&#8221;0px||0px||false|false&#8221; custom_padding=&#8221;0px||0px||false|false&#8221; sticky_enabled=&#8221;0&#8243;][et_pb_column type=&#8221;4_4&#8243; _builder_version=&#8221;4.7.4&#8243; _module_preset=&#8221;default&#8221;][et_pb_text _builder_version=&#8221;4.9.3&#8243; _module_preset=&#8221;default&#8221; text_orientation=&#8221;center&#8221;]<iframe loading=\"lazy\" style=\"width: 100%; height: 250px; overflow: hidden;\" src=\"https:\/\/portalsej.jalisco.gob.mx\/recrea-academy\/constanciafamilia2021\/\" width=\"100\" height=\"100\" scrolling=\"no\" data-hj-allow-iframe=\"\">Necesitas habilitar los iframes para ver el contenido.<\/iframe>[\/et_pb_text][\/et_pb_column][\/et_pb_row][\/et_pb_section][et_pb_section fb_built=&#8221;1&#8243; disabled_on=&#8221;off|off|off&#8221; _builder_version=&#8221;4.9.3&#8243; _module_preset=&#8221;default&#8221; background_color=&#8221;#f9f9f9&#8243; da_disable_devices=&#8221;off|off|off&#8221; collapsed=&#8221;on&#8221; locked=&#8221;off&#8221; da_is_popup=&#8221;off&#8221; da_exit_intent=&#8221;off&#8221; da_has_close=&#8221;on&#8221; da_alt_close=&#8221;off&#8221; da_dark_close=&#8221;off&#8221; da_not_modal=&#8221;on&#8221; da_is_singular=&#8221;off&#8221; da_with_loader=&#8221;off&#8221; da_has_shadow=&#8221;on&#8221;][et_pb_row _builder_version=&#8221;4.7.4&#8243; _module_preset=&#8221;default&#8221;][et_pb_column type=&#8221;4_4&#8243; _builder_version=&#8221;4.7.4&#8243; _module_preset=&#8221;default&#8221;][et_pb_blurb use_icon=&#8221;on&#8221; font_icon=&#8221;%%109%%&#8221; icon_color=&#8221;#ffffff&#8221; use_circle=&#8221;on&#8221; _builder_version=&#8221;4.9.3&#8243; _module_preset=&#8221;default&#8221; body_text_align=&#8221;center&#8221; hover_enabled=&#8221;0&#8243; sticky_enabled=&#8221;0&#8243;]<\/p>\n<p>Si tienes dudas o problemas con tu constancia por favor escr\u00edbenos a: <a href=\"mailto:congresorecreafamilia@jaliscoedu.mx\">congresorecreafamilia@jaliscoedu.mx<\/a><\/p>\n<p>[\/et_pb_blurb][\/et_pb_column][\/et_pb_row][\/et_pb_section]<\/p>\n","protected":false},"excerpt":{"rendered":"<p>[et_pb_section fb_built=&#8221;1&#8243; _builder_version=&#8221;4.9.3&#8243; _module_preset=&#8221;default&#8221; hover_enabled=&#8221;0&#8243; da_disable_devices=&#8221;off|off|off&#8221; collapsed=&#8221;on&#8221; disabled_on=&#8221;on|on|on&#8221; disabled=&#8221;on&#8221; sticky_enabled=&#8221;0&#8243; da_is_popup=&#8221;off&#8221; da_exit_intent=&#8221;off&#8221; da_has_close=&#8221;on&#8221; da_alt_close=&#8221;off&#8221; da_dark_close=&#8221;off&#8221; da_not_modal=&#8221;on&#8221; da_is_singular=&#8221;off&#8221; da_with_loader=&#8221;off&#8221; da_has_shadow=&#8221;on&#8221;][et_pb_row _builder_version=&#8221;4.9.3&#8243; _module_preset=&#8221;default&#8221; background_color=&#8221;#E7004C&#8221; border_radii=&#8221;on|5px|5px|5px|5px&#8221;][et_pb_column type=&#8221;4_4&#8243; _builder_version=&#8221;4.9.3&#8243; _module_preset=&#8221;default&#8221;][et_pb_blurb use_icon=&#8221;on&#8221; font_icon=&#8221;%%217%%&#8221; icon_color=&#8221;#ffffff&#8221; _builder_version=&#8221;4.9.3&#8243; _module_preset=&#8221;default&#8221; custom_margin=&#8221;||0px||false|false&#8221; custom_padding=&#8221;||0px||false|false&#8221;][\/et_pb_blurb][et_pb_text _builder_version=&#8221;4.9.3&#8243; _module_preset=&#8221;default&#8221; text_orientation=&#8221;center&#8221; background_layout=&#8221;dark&#8221;] En los pr\u00f3ximos d\u00edas podr\u00e1s descargar tu constancia con el No. de pedido generado con tu registro (presencial [&hellip;]<\/p>\n","protected":false},"author":1,"featured_media":0,"parent":0,"menu_order":0,"comment_status":"closed","ping_status":"closed","template":"","meta":{"_et_pb_use_builder":"on","_et_pb_old_content":"","_et_gb_content_width":""},"yoast_head":"<!-- This site is optimized with the Yoast SEO plugin v16.1.1 - https:\/\/yoast.com\/wordpress\/plugins\/seo\/ -->\n<title>Constancia | Aprende en Familia<\/title>\n<meta name=\"description\" content=\"Aqu\u00ed podr\u00e1s descargar tu constancia virtual de asistencia a la edici\u00f3n Recrea Familia 2021.\" \/>\n<link rel=\"canonical\" href=\"https:\/\/apprendedigital.jalisco.gob.mx\/familia\/?page_id=60042\" \/>\n<meta property=\"og:locale\" content=\"es_MX\" \/>\n<meta property=\"og:type\" content=\"article\" \/>\n<meta property=\"og:title\" content=\"Constancia | Aprende en Familia\" \/>\n<meta property=\"og:description\" content=\"Aqu\u00ed podr\u00e1s descargar tu constancia virtual de asistencia a la edici\u00f3n Recrea Familia 2021.\" \/>\n<meta property=\"og:url\" content=\"https:\/\/apprendedigital.jalisco.gob.mx\/familia\/?page_id=60042\" \/>\n<meta property=\"og:site_name\" content=\"Aprende en Familia\" \/>\n<meta property=\"article:publisher\" content=\"https:\/\/www.facebook.com\/educacion.jalisco\/\" \/>\n<meta property=\"article:modified_time\" content=\"2021-11-25T18:53:09+00:00\" \/>\n<meta property=\"og:image\" content=\"https:\/\/apprendedigital.jalisco.gob.mx\/familia\/wp-content\/uploads\/2021\/10\/recrea-familia-2021-banner-rs-002.jpg\" \/>\n\t<meta property=\"og:image:width\" content=\"1280\" \/>\n\t<meta property=\"og:image:height\" content=\"720\" \/>\n<meta name=\"twitter:card\" content=\"summary_large_image\" \/>\n<meta name=\"twitter:site\" content=\"@SecEducacionJal\" \/>\n<meta name=\"twitter:label1\" content=\"Tiempo de lectura\">\n\t<meta name=\"twitter:data1\" content=\"1 minuto\">\n<script type=\"application\/ld+json\" class=\"yoast-schema-graph\">{\"@context\":\"https:\/\/schema.org\",\"@graph\":[{\"@type\":\"Organization\",\"@id\":\"https:\/\/apprendedigital.jalisco.gob.mx\/familia\/#organization\",\"name\":\"Secretaria de Educaci\\u00f3n de Jalisco\",\"url\":\"https:\/\/apprendedigital.jalisco.gob.mx\/familia\/\",\"sameAs\":[\"https:\/\/www.facebook.com\/educacion.jalisco\/\",\"https:\/\/twitter.com\/SecEducacionJal\"],\"logo\":{\"@type\":\"ImageObject\",\"@id\":\"https:\/\/apprendedigital.jalisco.gob.mx\/familia\/#logo\",\"inLanguage\":\"es-MX\",\"url\":\"https:\/\/recreadigital.jalisco.gob.mx\/familia\/wp-content\/uploads\/2020\/11\/recrea-familia-logo-jalisco-educacion.png\",\"contentUrl\":\"https:\/\/recreadigital.jalisco.gob.mx\/familia\/wp-content\/uploads\/2020\/11\/recrea-familia-logo-jalisco-educacion.png\",\"width\":400,\"height\":400,\"caption\":\"Secretaria de Educaci\\u00f3n de Jalisco\"},\"image\":{\"@id\":\"https:\/\/apprendedigital.jalisco.gob.mx\/familia\/#logo\"}},{\"@type\":\"WebSite\",\"@id\":\"https:\/\/apprendedigital.jalisco.gob.mx\/familia\/#website\",\"url\":\"https:\/\/apprendedigital.jalisco.gob.mx\/familia\/\",\"name\":\"Recrea Familia\",\"description\":\"Los desaf\\u00edos en la educaci\\u00f3n post-covid\",\"publisher\":{\"@id\":\"https:\/\/apprendedigital.jalisco.gob.mx\/familia\/#organization\"},\"potentialAction\":[{\"@type\":\"SearchAction\",\"target\":\"https:\/\/apprendedigital.jalisco.gob.mx\/familia\/?s={search_term_string}\",\"query-input\":\"required name=search_term_string\"}],\"inLanguage\":\"es-MX\"},{\"@type\":\"WebPage\",\"@id\":\"https:\/\/apprendedigital.jalisco.gob.mx\/familia\/?page_id=60042#webpage\",\"url\":\"https:\/\/apprendedigital.jalisco.gob.mx\/familia\/?page_id=60042\",\"name\":\"Constancia | Aprende en Familia\",\"isPartOf\":{\"@id\":\"https:\/\/apprendedigital.jalisco.gob.mx\/familia\/#website\"},\"datePublished\":\"2021-11-20T22:36:05+00:00\",\"dateModified\":\"2021-11-25T18:53:09+00:00\",\"description\":\"Aqu\\u00ed podr\\u00e1s descargar tu constancia virtual de asistencia a la edici\\u00f3n Recrea Familia 2021.\",\"breadcrumb\":{\"@id\":\"https:\/\/apprendedigital.jalisco.gob.mx\/familia\/?page_id=60042#breadcrumb\"},\"inLanguage\":\"es-MX\",\"potentialAction\":[{\"@type\":\"ReadAction\",\"target\":[\"https:\/\/apprendedigital.jalisco.gob.mx\/familia\/?page_id=60042\"]}]},{\"@type\":\"BreadcrumbList\",\"@id\":\"https:\/\/apprendedigital.jalisco.gob.mx\/familia\/?page_id=60042#breadcrumb\",\"itemListElement\":[{\"@type\":\"ListItem\",\"position\":1,\"item\":{\"@type\":\"WebPage\",\"@id\":\"https:\/\/apprendedigital.jalisco.gob.mx\/familia\/\",\"url\":\"https:\/\/apprendedigital.jalisco.gob.mx\/familia\/\",\"name\":\"Inicio\"}},{\"@type\":\"ListItem\",\"position\":2,\"item\":{\"@type\":\"WebPage\",\"@id\":\"https:\/\/apprendedigital.jalisco.gob.mx\/familia\/?page_id=60042\",\"url\":\"https:\/\/apprendedigital.jalisco.gob.mx\/familia\/?page_id=60042\",\"name\":\"Constancia\"}}]}]}<\/script>\n<!-- \/ Yoast SEO plugin. -->","_links":{"self":[{"href":"https:\/\/apprendedigital.jalisco.gob.mx\/familia\/index.php?rest_route=\/wp\/v2\/pages\/60042"}],"collection":[{"href":"https:\/\/apprendedigital.jalisco.gob.mx\/familia\/index.php?rest_route=\/wp\/v2\/pages"}],"about":[{"href":"https:\/\/apprendedigital.jalisco.gob.mx\/familia\/index.php?rest_route=\/wp\/v2\/types\/page"}],"author":[{"embeddable":true,"href":"https:\/\/apprendedigital.jalisco.gob.mx\/familia\/index.php?rest_route=\/wp\/v2\/users\/1"}],"replies":[{"embeddable":true,"href":"https:\/\/apprendedigital.jalisco.gob.mx\/familia\/index.php?rest_route=%2Fwp%2Fv2%2Fcomments&post=60042"}],"version-history":[{"count":3,"href":"https:\/\/apprendedigital.jalisco.gob.mx\/familia\/index.php?rest_route=\/wp\/v2\/pages\/60042\/revisions"}],"predecessor-version":[{"id":60247,"href":"https:\/\/apprendedigital.jalisco.gob.mx\/familia\/index.php?rest_route=\/wp\/v2\/pages\/60042\/revisions\/60247"}],"wp:attachment":[{"href":"https:\/\/apprendedigital.jalisco.gob.mx\/familia\/index.php?rest_route=%2Fwp%2Fv2%2Fmedia&parent=60042"}],"curies":[{"name":"wp","href":"https:\/\/api.w.org\/{rel}","templated":true}]}}